{"id":96,"date":"2018-05-30T16:56:43","date_gmt":"2018-05-30T16:56:43","guid":{"rendered":"https:\/\/escuelageneralparra.cl\/home\/?page_id=96"},"modified":"2023-08-28T10:30:44","modified_gmt":"2023-08-28T14:30:44","slug":"integracion","status":"publish","type":"page","link":"https:\/\/escuelageneralparra.cl\/home\/?page_id=96","title":{"rendered":"Integraci\u00f3n"},"content":{"rendered":"<p>&nbsp;<\/p>\n<p>&nbsp;<\/p>\n<table>\n<tbody>\n<tr>\n<td>\r\n<ul id=\"amoteam-sc-member-1869501290\" class=\"amoteam-sc-team amoteam-tiles amoteam-tile-style-1 \">\r\n\t<li class=\"amoteam-tiles__item \">\r\n\r\n\t\t<a class=\"amoteam-popup-link\" href=\"javascript:void(0)\" data-mfp-src=\"#amoteam-panel-1869501290-1266\">\r\n\t\r\n\t\t<div class=\"amoteam-member\">\r\n\t\t\t\t\t\t\t<div class=\"amoteam-member-hover-icon \">\r\n\r\n\t\t\t\t\t\t\t\t\t<i class=\"amoteam-icon-hover-info\"><\/i>\r\n\t\t\t\t\t\t\t\t<\/div>\r\n\t\t\t\r\n\t\t\t<div class=\"amoteam-member-info amoteam-member-info--al-right \">\r\n\t\t\t\t<div class=\"amoteam-member-name amoteam-member-info__item \">Pabla Cofre Maldonado<\/div>\r\n\t\t\t\t\t\t\t\t<div class=\"amoteam-member-subtitle amoteam-member-info__item\">Docente Educaci\u00f3n Diferencial<\/div>\r\n\t\t\t\t\t\t\t<\/div><!-- .member-info -->\r\n\r\n\t\t\t<div class=\"amoteam-member-img-wrap\">\r\n\t\t\t\t<img decoding=\"async\" class=\"amoteam-member-img\" src=\"https:\/\/escuelageneralparra.cl\/home\/wp-content\/uploads\/2019\/03\/Pabla-Cofre.jpg\" alt=\"Pabla Cofre Maldonado\">\r\n\t\t\t<\/div>\r\n\t\t<\/div><!-- .member -->\r\n\r\n\t\t\t<\/a>\r\n\t\t<\/li><!-- .tiles__item -->\r\n\r\n<\/ul><!-- .sc-team -->\r\n<script>amoTeamVars.memberSC.push({\"type\":\"member\",\"scID\":\"#amoteam-sc-member-1869501290\",\"itemWidth\":250,\"itemMargin\":20,\"align\":\"left\",\"fullWidth\":\"yes\",\"panel\":\"right\"})<\/script><div class=\"amoteam-panels\">\r\n<div id=\"amoteam-panel-1869501290-1266\" class=\"amoteam-panel mfp-hide amoteam-panel-align-right amoteam-panel-pf-image \"\r\n     data-align=\"right\" data-format=\"image\">\r\n\r\n\t<div class=\"amoteam-panel__header\">\r\n\r\n\t\t\r\n\r\n\t\t<button type=\"button\" class=\"amoteam-btn amoteam-btn-rc-square amoteam-btn-panel-close\" data-dismiss=\"modal\" aria-label=\"Close Panel\"><i aria-hidden=\"true\" class=\"amoteam-icon-close\"><\/i><\/button>\r\n\r\n\t\t\t\t\t\t<div class=\"amoteam-panel__img-wrap\">\r\n\t\t\t\t\t\t<img decoding=\"async\" class=\"amoteam-panel__img\" src=\"https:\/\/escuelageneralparra.cl\/home\/wp-content\/plugins\/amo-team-showcase\/public\/img\/image-placeholder.png\" data-src=\"https:\/\/escuelageneralparra.cl\/home\/wp-content\/uploads\/2019\/03\/Pabla-Cofre.jpg\" alt=\"Pabla Cofre Maldonado\">\r\n\t\t\t\t\t<\/div><!-- .panel__img-wrap -->\r\n\r\n\t\t\r\n\t\t<div class=\"amoteam-panel__heading\">\r\n\t\t\t<h3 class=\"amoteam-panel__title amoteam-panel__heading-item\">Pabla Cofre Maldonado<\/h3>\r\n\t\t\t\t\t\t<div class=\"amoteam-panel__subtitle amoteam-panel__heading-item\">Docente Educaci\u00f3n Diferencial<\/div>\r\n\t\t\t\t\t<\/div>\r\n\r\n\t<\/div><!-- .panel__header -->\r\n\r\n\t<div class=\"amoteam-panel__content\">\r\n\t\t\t<\/div><!-- .panel__content -->\r\n\r\n<\/div><!-- .panel --><\/div><!-- .panels --><\/td>\n<td>\r\n<ul id=\"amoteam-sc-member-673947178\" class=\"amoteam-sc-team amoteam-tiles amoteam-tile-style-1 \">\r\n\t<li class=\"amoteam-tiles__item \">\r\n\r\n\t\t<a class=\"amoteam-popup-link\" href=\"javascript:void(0)\" data-mfp-src=\"#amoteam-panel-673947178-1272\">\r\n\t\r\n\t\t<div class=\"amoteam-member\">\r\n\t\t\t\t\t\t\t<div class=\"amoteam-member-hover-icon \">\r\n\r\n\t\t\t\t\t\t\t\t\t<i class=\"amoteam-icon-hover-info\"><\/i>\r\n\t\t\t\t\t\t\t\t<\/div>\r\n\t\t\t\r\n\t\t\t<div class=\"amoteam-member-info amoteam-member-info--al-right \">\r\n\t\t\t\t<div class=\"amoteam-member-name amoteam-member-info__item \">Myrianela Quezada Obal<\/div>\r\n\t\t\t\t\t\t\t\t<div class=\"amoteam-member-subtitle amoteam-member-info__item\">Coordinadora PIE<\/div>\r\n\t\t\t\t\t\t\t<\/div><!-- .member-info -->\r\n\r\n\t\t\t<div class=\"amoteam-member-img-wrap\">\r\n\t\t\t\t<img decoding=\"async\" class=\"amoteam-member-img\" src=\"https:\/\/escuelageneralparra.cl\/home\/wp-content\/uploads\/2019\/03\/Myrianela-Quezada2.jpg\" alt=\"Myrianela Quezada Obal\">\r\n\t\t\t<\/div>\r\n\t\t<\/div><!-- .member -->\r\n\r\n\t\t\t<\/a>\r\n\t\t<\/li><!-- .tiles__item -->\r\n\r\n<\/ul><!-- .sc-team -->\r\n<script>amoTeamVars.memberSC.push({\"type\":\"member\",\"scID\":\"#amoteam-sc-member-673947178\",\"itemWidth\":250,\"itemMargin\":20,\"align\":\"left\",\"fullWidth\":\"yes\",\"panel\":\"right\"})<\/script><div class=\"amoteam-panels\">\r\n<div id=\"amoteam-panel-673947178-1272\" class=\"amoteam-panel mfp-hide amoteam-panel-align-right amoteam-panel-pf-image \"\r\n     data-align=\"right\" data-format=\"image\">\r\n\r\n\t<div class=\"amoteam-panel__header\">\r\n\r\n\t\t\r\n\r\n\t\t<button type=\"button\" class=\"amoteam-btn amoteam-btn-rc-square amoteam-btn-panel-close\" data-dismiss=\"modal\" aria-label=\"Close Panel\"><i aria-hidden=\"true\" class=\"amoteam-icon-close\"><\/i><\/button>\r\n\r\n\t\t\t\t\t\t<div class=\"amoteam-panel__img-wrap\">\r\n\t\t\t\t\t\t<img decoding=\"async\" class=\"amoteam-panel__img\" src=\"https:\/\/escuelageneralparra.cl\/home\/wp-content\/plugins\/amo-team-showcase\/public\/img\/image-placeholder.png\" data-src=\"https:\/\/escuelageneralparra.cl\/home\/wp-content\/uploads\/2019\/03\/Myrianela-Quezada2.jpg\" alt=\"Myrianela Quezada Obal\">\r\n\t\t\t\t\t<\/div><!-- .panel__img-wrap -->\r\n\r\n\t\t\r\n\t\t<div class=\"amoteam-panel__heading\">\r\n\t\t\t<h3 class=\"amoteam-panel__title amoteam-panel__heading-item\">Myrianela Quezada Obal<\/h3>\r\n\t\t\t\t\t\t<div class=\"amoteam-panel__subtitle amoteam-panel__heading-item\">Coordinadora PIE<\/div>\r\n\t\t\t\t\t<\/div>\r\n\r\n\t<\/div><!-- .panel__header -->\r\n\r\n\t<div class=\"amoteam-panel__content\">\r\n\t\t<p>Docente Educaci\u00f3n General B\u00e1sica.<\/p>\n\t<\/div><!-- .panel__content -->\r\n\r\n<\/div><!-- .panel --><\/div><!-- .panels --><\/td>\n<td>\r\n<ul id=\"amoteam-sc-member-1750727984\" class=\"amoteam-sc-team amoteam-tiles amoteam-tile-style-1 \">\r\n\t<li class=\"amoteam-tiles__item \">\r\n\r\n\t\t<a class=\"amoteam-popup-link\" href=\"javascript:void(0)\" data-mfp-src=\"#amoteam-panel-1750727984-1277\">\r\n\t\r\n\t\t<div class=\"amoteam-member\">\r\n\t\t\t\t\t\t\t<div class=\"amoteam-member-hover-icon \">\r\n\r\n\t\t\t\t\t\t\t\t\t<i class=\"amoteam-icon-hover-info\"><\/i>\r\n\t\t\t\t\t\t\t\t<\/div>\r\n\t\t\t\r\n\t\t\t<div class=\"amoteam-member-info amoteam-member-info--al-right \">\r\n\t\t\t\t<div class=\"amoteam-member-name amoteam-member-info__item \">Karina Contreras Vera<\/div>\r\n\t\t\t\t\t\t\t\t<div class=\"amoteam-member-subtitle amoteam-member-info__item\">Docente Educaci\u00f3n Diferencial<\/div>\r\n\t\t\t\t\t\t\t<\/div><!-- .member-info -->\r\n\r\n\t\t\t<div class=\"amoteam-member-img-wrap\">\r\n\t\t\t\t<img decoding=\"async\" class=\"amoteam-member-img\" src=\"https:\/\/escuelageneralparra.cl\/home\/wp-content\/uploads\/2019\/03\/Karina-Contreras.jpg\" alt=\"Karina Contreras Vera\">\r\n\t\t\t<\/div>\r\n\t\t<\/div><!-- .member -->\r\n\r\n\t\t\t<\/a>\r\n\t\t<\/li><!-- .tiles__item -->\r\n\r\n<\/ul><!-- .sc-team -->\r\n<script>amoTeamVars.memberSC.push({\"type\":\"member\",\"scID\":\"#amoteam-sc-member-1750727984\",\"itemWidth\":250,\"itemMargin\":20,\"align\":\"left\",\"fullWidth\":\"yes\",\"panel\":\"right\"})<\/script><div class=\"amoteam-panels\">\r\n<div id=\"amoteam-panel-1750727984-1277\" class=\"amoteam-panel mfp-hide amoteam-panel-align-right amoteam-panel-pf-image \"\r\n     data-align=\"right\" data-format=\"image\">\r\n\r\n\t<div class=\"amoteam-panel__header\">\r\n\r\n\t\t\r\n\r\n\t\t<button type=\"button\" class=\"amoteam-btn amoteam-btn-rc-square amoteam-btn-panel-close\" data-dismiss=\"modal\" aria-label=\"Close Panel\"><i aria-hidden=\"true\" class=\"amoteam-icon-close\"><\/i><\/button>\r\n\r\n\t\t\t\t\t\t<div class=\"amoteam-panel__img-wrap\">\r\n\t\t\t\t\t\t<img decoding=\"async\" class=\"amoteam-panel__img\" src=\"https:\/\/escuelageneralparra.cl\/home\/wp-content\/plugins\/amo-team-showcase\/public\/img\/image-placeholder.png\" data-src=\"https:\/\/escuelageneralparra.cl\/home\/wp-content\/uploads\/2019\/03\/Karina-Contreras.jpg\" alt=\"Karina Contreras Vera\">\r\n\t\t\t\t\t<\/div><!-- .panel__img-wrap -->\r\n\r\n\t\t\r\n\t\t<div class=\"amoteam-panel__heading\">\r\n\t\t\t<h3 class=\"amoteam-panel__title amoteam-panel__heading-item\">Karina Contreras Vera<\/h3>\r\n\t\t\t\t\t\t<div class=\"amoteam-panel__subtitle amoteam-panel__heading-item\">Docente Educaci\u00f3n Diferencial<\/div>\r\n\t\t\t\t\t<\/div>\r\n\r\n\t<\/div><!-- .panel__header -->\r\n\r\n\t<div class=\"amoteam-panel__content\">\r\n\t\t\t<\/div><!-- .panel__content -->\r\n\r\n<\/div><!-- .panel --><\/div><!-- .panels --><\/td>\n<\/tr>\n<tr>\n<td><\/td>\n<td><\/td>\n<td><\/td>\n<\/tr>\n<tr>\n<td><\/td>\n<td><\/td>\n<td><\/td>\n<\/tr>\n<tr>\n<td><\/td>\n<td><\/td>\n<td><\/td>\n<\/tr>\n<\/tbody>\n<\/table>\n<p>&nbsp;<\/p>\n<p>&nbsp;<\/p>\n<p><script language=\"Javascript\">\ndocument.oncontextmenu = function(){return false}\n<\/script><\/p>\n<p>&nbsp;<\/p>\n<p><img loading=\"lazy\" decoding=\"async\" class=\"aligncenter wp-image-891\" src=\"https:\/\/escuelageneralparra.cl\/home\/wp-content\/uploads\/2018\/08\/0-6.jpg\" alt=\"\" width=\"700\" height=\"517\" srcset=\"https:\/\/escuelageneralparra.cl\/home\/wp-content\/uploads\/2018\/08\/0-6.jpg 900w, https:\/\/escuelageneralparra.cl\/home\/wp-content\/uploads\/2018\/08\/0-6-300x222.jpg 300w, https:\/\/escuelageneralparra.cl\/home\/wp-content\/uploads\/2018\/08\/0-6-768x567.jpg 768w, https:\/\/escuelageneralparra.cl\/home\/wp-content\/uploads\/2018\/08\/0-6-108x80.jpg 108w\" sizes=\"(max-width: 700px) 100vw, 700px\" \/><\/p>\n<p><strong>El equipo esta conformado de Izquierda a Derecha<\/strong>:<\/p>\n<p>: Docente Educaci\u00f3n Diferencial<\/p>\n<p>Myrianela de las Rosas Quezada Obal : Docente Educaci\u00f3n General B\u00e1sica. Coordinadora PIE<\/p>\n<p>: Docente Educaci\u00f3n Diferencial<\/p>\n<p>V\u00edctor Manuel Morales Henr\u00edquez : Docente Educaci\u00f3n Diferencial<\/p>\n<p>Pilar Ivonne Ortega Guajardo : Docente Educaci\u00f3n Diferencial<\/p>\n<p>Pabla Marcela Cofre Maldonado : Docente Educaci\u00f3n Diferencial<\/p>\n<p>Karina Ginette Contreras Vera : Docente Educaci\u00f3n Diferencial<\/p>\n<p>&nbsp;<\/p>\n<p><script language=\"Javascript\">\ndocument.oncontextmenu = function(){return false}\n<\/script><\/p>\n","protected":false},"excerpt":{"rendered":"<p>&nbsp; &nbsp; &nbsp; &nbsp; &nbsp; El equipo esta conformado de Izquierda a Derecha: : Docente Educaci\u00f3n Diferencial Myrianela de las Rosas Quezada Obal : Docente Educaci\u00f3n General B\u00e1sica. Coordinadora PIE : Docente Educaci\u00f3n Diferencial V\u00edctor Manuel Morales Henr\u00edquez : Docente Educaci\u00f3n Diferencial Pilar Ivonne Ortega Guajardo : Docente Educaci\u00f3n Diferencial [&hellip;]<\/p>\n","protected":false},"author":1,"featured_media":0,"parent":45,"menu_order":0,"comment_status":"closed","ping_status":"closed","template":"","meta":{"footnotes":""},"_links":{"self":[{"href":"https:\/\/escuelageneralparra.cl\/home\/index.php?rest_route=\/wp\/v2\/pages\/96"}],"collection":[{"href":"https:\/\/escuelageneralparra.cl\/home\/index.php?rest_route=\/wp\/v2\/pages"}],"about":[{"href":"https:\/\/escuelageneralparra.cl\/home\/index.php?rest_route=\/wp\/v2\/types\/page"}],"author":[{"embeddable":true,"href":"https:\/\/escuelageneralparra.cl\/home\/index.php?rest_route=\/wp\/v2\/users\/1"}],"replies":[{"embeddable":true,"href":"https:\/\/escuelageneralparra.cl\/home\/index.php?rest_route=%2Fwp%2Fv2%2Fcomments&post=96"}],"version-history":[{"count":19,"href":"https:\/\/escuelageneralparra.cl\/home\/index.php?rest_route=\/wp\/v2\/pages\/96\/revisions"}],"predecessor-version":[{"id":3236,"href":"https:\/\/escuelageneralparra.cl\/home\/index.php?rest_route=\/wp\/v2\/pages\/96\/revisions\/3236"}],"up":[{"embeddable":true,"href":"https:\/\/escuelageneralparra.cl\/home\/index.php?rest_route=\/wp\/v2\/pages\/45"}],"wp:attachment":[{"href":"https:\/\/escuelageneralparra.cl\/home\/index.php?rest_route=%2Fwp%2Fv2%2Fmedia&parent=96"}],"curies":[{"name":"wp","href":"https:\/\/api.w.org\/{rel}","templated":true}]}}